{"id":241,"date":"2018-09-05T13:57:02","date_gmt":"2018-09-05T16:57:02","guid":{"rendered":"http:\/\/www.lac.inf.puc-rio.br\/?page_id=241"},"modified":"2019-05-29T20:32:00","modified_gmt":"2019-05-29T23:32:00","slug":"news","status":"publish","type":"page","link":"https:\/\/www.lac.inf.puc-rio.br\/index.php\/news\/","title":{"rendered":"News"},"content":{"rendered":"\n<h2 class=\"wp-block-heading\"><strong>Press<\/strong><br><\/h2>\n\n\n\n<h4 class=\"wp-block-heading\">ContextNet, do LAC\/PUC-Rio, recebe pr\u00eamio da Qualcomm<br><\/h4>\n\n\n\n<figure class=\"wp-block-image is-resized\"><img loading=\"lazy\" decoding=\"async\" src=\"http:\/\/www.lac.inf.puc-rio.br\/wp-content\/uploads\/2018\/09\/award_Qualcomm-960x475.jpg\" alt=\"\" class=\"wp-image-84\" width=\"653\" height=\"322\" srcset=\"https:\/\/www.lac.inf.puc-rio.br\/wp-content\/uploads\/2018\/09\/award_Qualcomm-960x475.jpg 960w, https:\/\/www.lac.inf.puc-rio.br\/wp-content\/uploads\/2018\/09\/award_Qualcomm-960x475-300x148.jpg 300w, https:\/\/www.lac.inf.puc-rio.br\/wp-content\/uploads\/2018\/09\/award_Qualcomm-960x475-768x380.jpg 768w\" sizes=\"(max-width: 653px) 100vw, 653px\" \/><figcaption> <em>November 22h, 2017 <\/em><\/figcaption><\/figure>\n\n\n<p style=\"text-align: justify\">\nCerim\u00f4nia de premia\u00e7\u00e3o do 1\u00ba Pr\u00eamio Tecnologias de Impacto, uma iniciativa in\u00e9dita da Qualcomm Brasil, com apoio do CNPq, INPI, CNI, SESI, Sebrapi e IEL.\n<\/p>\n<p style=\"text-align: justify\">\nConcorreram 200 projetos para a Internet das Coisas (de startups, universidades, grupos de pesquisa, inventores aut\u00f4nomos etc. de todo o Brasil), mas apenas 10 foram premiados como sendo tecnologias de impacto em IoT. Dentre eles, o middleware ContextNet, desenvolvido no Laboratory for Advanced Collaboration (LAC) da PUC-Rio.<\/p>\n<p><a href=\"http:\/\/www.lac.inf.puc-rio.br\/index.php\/news-press\/\">see more&#8230;<\/a><\/p>\n\n\n<hr class=\"wp-block-separator\"\/>\n\n\n\n<h2 class=\"wp-block-heading\"><strong>Events<\/strong><br><\/h2>\n\n\n\n<h4 class=\"wp-block-heading\">LAC+15 Celebration<br><\/h4>\n\n\n\n<figure class=\"wp-block-image is-resized\"><img loading=\"lazy\" decoding=\"async\" src=\"http:\/\/www.lac.inf.puc-rio.br\/wp-content\/uploads\/2019\/01\/lac15-ppt.png\" alt=\"\" class=\"wp-image-364\" width=\"655\" height=\"456\" srcset=\"https:\/\/www.lac.inf.puc-rio.br\/wp-content\/uploads\/2019\/01\/lac15-ppt.png 936w, https:\/\/www.lac.inf.puc-rio.br\/wp-content\/uploads\/2019\/01\/lac15-ppt-300x209.png 300w, https:\/\/www.lac.inf.puc-rio.br\/wp-content\/uploads\/2019\/01\/lac15-ppt-768x535.png 768w\" sizes=\"(max-width: 655px) 100vw, 655px\" \/><figcaption>December 26th, 2018<\/figcaption><\/figure>\n\n\n<p style=\"text-align: justify\">\nWith a full-day technical workshop &#8211; and a follow-up dinner &#8211; we celebrated the 15th anniversary of the Laboratory for Advanced Collaboration (LAC) of PUC-Rio. It was a pleasant event, with great talks and it highly praised by almost all attendees. All of LAC&#8217;s industry partners were invited, but unfortunately only one could attend the event. But nevertheless,&nbsp; all engaged in very interesting discussions. And we hope that in 5 years from now while celebrating LAC+20 we will have even more cutting-edge technologies to present and demonstrate.<\/p>\n<p><a href=\"http:\/\/www.lac.inf.puc-rio.br\/index.php\/news-events\/\">see more&#8230;<\/a><\/p>\n\n\n<hr class=\"wp-block-separator\"\/>\n","protected":false},"excerpt":{"rendered":"<p>Press ContextNet, do LAC\/PUC-Rio, recebe pr\u00eamio da Qualcomm Cerim\u00f4nia de premia\u00e7\u00e3o do 1\u00ba Pr\u00eamio Tecnologias de Impacto, uma iniciativa in\u00e9dita da Qualcomm Brasil, com apoio do CNPq, INPI, CNI, SESI, Sebrapi e IEL. Concorreram 200 projetos para a Internet das Coisas (de startups, universidades, grupos de pesquisa, inventores aut\u00f4nomos etc. de todo o Brasil), mas &hellip; <\/p>\n<p class=\"link-more\"><a href=\"https:\/\/www.lac.inf.puc-rio.br\/index.php\/news\/\" class=\"more-link\">Continue lendo<span class=\"screen-reader-text\"> &#8220;News&#8221;<\/span><\/a><\/p>\n","protected":false},"author":1,"featured_media":0,"parent":0,"menu_order":0,"comment_status":"closed","ping_status":"closed","template":"","meta":{"footnotes":""},"_links":{"self":[{"href":"https:\/\/www.lac.inf.puc-rio.br\/index.php\/wp-json\/wp\/v2\/pages\/241"}],"collection":[{"href":"https:\/\/www.lac.inf.puc-rio.br\/index.php\/wp-json\/wp\/v2\/pages"}],"about":[{"href":"https:\/\/www.lac.inf.puc-rio.br\/index.php\/wp-json\/wp\/v2\/types\/page"}],"author":[{"embeddable":true,"href":"https:\/\/www.lac.inf.puc-rio.br\/index.php\/wp-json\/wp\/v2\/users\/1"}],"replies":[{"embeddable":true,"href":"https:\/\/www.lac.inf.puc-rio.br\/index.php\/wp-json\/wp\/v2\/comments?post=241"}],"version-history":[{"count":6,"href":"https:\/\/www.lac.inf.puc-rio.br\/index.php\/wp-json\/wp\/v2\/pages\/241\/revisions"}],"predecessor-version":[{"id":1679,"href":"https:\/\/www.lac.inf.puc-rio.br\/index.php\/wp-json\/wp\/v2\/pages\/241\/revisions\/1679"}],"wp:attachment":[{"href":"https:\/\/www.lac.inf.puc-rio.br\/index.php\/wp-json\/wp\/v2\/media?parent=241"}],"curies":[{"name":"wp","href":"https:\/\/api.w.org\/{rel}","templated":true}]}}