{"id":243,"date":"2018-09-05T13:57:02","date_gmt":"2018-09-05T16:57:02","guid":{"rendered":"http:\/\/www.lac.inf.puc-rio.br\/?page_id=243"},"modified":"2019-11-12T17:56:48","modified_gmt":"2019-11-12T20:56:48","slug":"news-press","status":"publish","type":"page","link":"https:\/\/www.lac.inf.puc-rio.br\/index.php\/news-press\/","title":{"rendered":"Press"},"content":{"rendered":"\n<h4 class=\"wp-block-heading\">ContextNet, do LAC\/PUC-Rio, recebe pr\u00eamio da Qualcomm<br><\/h4>\n\n\n\n<figure class=\"wp-block-image is-resized\"><img loading=\"lazy\" decoding=\"async\" src=\"http:\/\/www.lac.inf.puc-rio.br\/wp-content\/uploads\/2018\/09\/award_Qualcomm-960x475.jpg\" alt=\"\" class=\"wp-image-84\" width=\"669\" height=\"330\" srcset=\"https:\/\/www.lac.inf.puc-rio.br\/wp-content\/uploads\/2018\/09\/award_Qualcomm-960x475.jpg 960w, https:\/\/www.lac.inf.puc-rio.br\/wp-content\/uploads\/2018\/09\/award_Qualcomm-960x475-300x148.jpg 300w, https:\/\/www.lac.inf.puc-rio.br\/wp-content\/uploads\/2018\/09\/award_Qualcomm-960x475-768x380.jpg 768w\" sizes=\"(max-width: 669px) 100vw, 669px\" \/><figcaption> <em>November 22h, 2017 <\/em> <\/figcaption><\/figure>\n\n\n<p style=\"text-align: justify\">\n[Originally published on November 23, 2017 via LinkedIn]<br>Cerim\u00f4nia de premia\u00e7\u00e3o do 1\u00ba Pr\u00eamio Tecnologias de Impacto, uma iniciativa in\u00e9dita da Qualcomm Brasil, com apoio do CNPq, INPI, CNI, SESI, Sebrapi e IEL.<\/p>\n<p style=\"text-align: justify\">\nConcorreram 200 projetos para a Internet das Coisas (de startups, universidades, grupos de pesquisa, inventores aut\u00f4nomos etc. de todo o Brasil), mas apenas 10 foram premiados como sendo tecnologias de impacto em IoT. Dentre eles, o middleware ContextNet, desenvolvido no Laboratory for Advanced Collaboration (LAC) da PUC-Rio.<\/p>\n<p style=\"text-align: justify\">\nIsso naturalmente me deixou muito feliz, pois coroa 5 anos de pesquisa e (muito) desenvolvimento desse nosso software que vem ganhando popularidade ultimamente. De fato, \u00e9 um pr\u00eamio para todo o laborat\u00f3rio LAC e todas as \u201cgera\u00e7\u00f5es\u201d de meus orientados, que desde 2011 contribu\u00edram \u2013 e continuam contribuindo \u2013 para a evolu\u00e7\u00e3o e aprimoramento do ContextNet. Meu reconhecimento e meu muito obrigado a todos eles!<\/p>\n<p style=\"text-align: justify\">\nAli\u00e1s, o ContextNet foi o \u00fanico projeto do Rio de Janeiro, o \u00fanico projeto genuinamente acad\u00eamico e o \u00fanico middleware a ganhar o pr\u00eamio. Todos os demais projetos eram bem espec\u00edficos, apresentando apps e dispositivos inteligentes para e-health, energia, \u00d3leo &amp; G\u00e1s, agricultura de precis\u00e3o, e cidades inteligentes. Sendo um middleware, o ContextNet difere destes por ser geral, configur\u00e1vel, adapt\u00e1vel, escal\u00e1vel, e independente de aplica\u00e7\u00e3o espec\u00edfica e de dispositivo inteligente utilizado.<\/p>\n<p style=\"text-align: justify\">\nNo evento, estavam presentes o Vice-Presidente da Qualcomm, Rafael Steinhauser, e representantes do CNPq, INPI, CNI, SESI, IEL, e outros. Na abertura do evento, Rafael Steinhauser fez uma apresenta\u00e7\u00e3o muito interessante e inspiradora sobre como a Qualcomm v\u00ea no Brasil um grande potencial de inventores e desenvolvedores de solu\u00e7\u00f5es para IoT. Espero que essa excelente incitava da Qualcomm se repita nos pr\u00f3ximos anos, e que tenhamos cada vez mais participantes, assim como excelentes projetos premiados.<\/p>\n\n\n<p><\/p>\n\n\n\n<hr class=\"wp-block-separator\"\/>\n\n\n\n<p><\/p>\n\n\n\n<h4 class=\"wp-block-heading\">\n<p style=\"text-align: justify\">\nComputerWorld: Plataforma criada na PUC-Rio usa smartphone como \u2018centro de controle\u2019 de sensores IoT\n<\/p>\n<\/h4>\n\n\n\n<figure class=\"wp-block-image is-resized\"><img loading=\"lazy\" decoding=\"async\" src=\"http:\/\/www.lac.inf.puc-rio.br\/wp-content\/uploads\/2018\/09\/ComputerWorld-iot2.jpg\" alt=\"\" class=\"wp-image-297\" width=\"650\" height=\"480\" srcset=\"https:\/\/www.lac.inf.puc-rio.br\/wp-content\/uploads\/2018\/09\/ComputerWorld-iot2.jpg 625w, https:\/\/www.lac.inf.puc-rio.br\/wp-content\/uploads\/2018\/09\/ComputerWorld-iot2-300x222.jpg 300w\" sizes=\"(max-width: 650px) 100vw, 650px\" \/><figcaption> December<em> 21th, 2016 <\/em>  <\/figcaption><\/figure>\n\n\n<p style=\"text-align: justify;\"><em>Plataforma de comunica\u00e7\u00e3o &#8220;mobile-cloud&#8221; conecta sensores e atuadores presentes em smart objects e permite o processamento de dados e a gest\u00e3o desses objetos na nuvem<\/em><\/p>\n<p><a href=\"https:\/\/computerworld.com.br\/2016\/12\/21\/plataforma-criada-na-puc-rio-usa-smartphone-como-centro-de-controle-de-sensores-iot\/\">https:\/\/computerworld.com.br\/2016\/12\/21\/plataforma-criada-na-puc-rio-usa-smartphone-como-centro-de-controle-de-sensores-iot\/<\/a><\/p>","protected":false},"excerpt":{"rendered":"<p>ContextNet, do LAC\/PUC-Rio, recebe pr\u00eamio da Qualcomm [Originally published on November 23, 2017 via LinkedIn]Cerim\u00f4nia de premia\u00e7\u00e3o do 1\u00ba Pr\u00eamio Tecnologias de Impacto, uma iniciativa in\u00e9dita da Qualcomm Brasil, com apoio do CNPq, INPI, CNI, SESI, Sebrapi e IEL. Concorreram 200 projetos para a Internet das Coisas (de startups, universidades, grupos de pesquisa, inventores aut\u00f4nomos &hellip; <\/p>\n<p class=\"link-more\"><a href=\"https:\/\/www.lac.inf.puc-rio.br\/index.php\/news-press\/\" class=\"more-link\">Continue lendo<span class=\"screen-reader-text\"> &#8220;Press&#8221;<\/span><\/a><\/p>\n","protected":false},"author":1,"featured_media":0,"parent":0,"menu_order":0,"comment_status":"closed","ping_status":"closed","template":"","meta":{"footnotes":""},"_links":{"self":[{"href":"https:\/\/www.lac.inf.puc-rio.br\/index.php\/wp-json\/wp\/v2\/pages\/243"}],"collection":[{"href":"https:\/\/www.lac.inf.puc-rio.br\/index.php\/wp-json\/wp\/v2\/pages"}],"about":[{"href":"https:\/\/www.lac.inf.puc-rio.br\/index.php\/wp-json\/wp\/v2\/types\/page"}],"author":[{"embeddable":true,"href":"https:\/\/www.lac.inf.puc-rio.br\/index.php\/wp-json\/wp\/v2\/users\/1"}],"replies":[{"embeddable":true,"href":"https:\/\/www.lac.inf.puc-rio.br\/index.php\/wp-json\/wp\/v2\/comments?post=243"}],"version-history":[{"count":27,"href":"https:\/\/www.lac.inf.puc-rio.br\/index.php\/wp-json\/wp\/v2\/pages\/243\/revisions"}],"predecessor-version":[{"id":2887,"href":"https:\/\/www.lac.inf.puc-rio.br\/index.php\/wp-json\/wp\/v2\/pages\/243\/revisions\/2887"}],"wp:attachment":[{"href":"https:\/\/www.lac.inf.puc-rio.br\/index.php\/wp-json\/wp\/v2\/media?parent=243"}],"curies":[{"name":"wp","href":"https:\/\/api.w.org\/{rel}","templated":true}]}}