{"id":2657,"date":"2019-11-06T10:05:20","date_gmt":"2019-11-06T13:05:20","guid":{"rendered":"http:\/\/www.lac.inf.puc-rio.br\/?page_id=2657"},"modified":"2019-11-06T11:18:16","modified_gmt":"2019-11-06T14:18:16","slug":"privacy-policy","status":"publish","type":"page","link":"https:\/\/www.lac.inf.puc-rio.br\/index.php\/privacy-policy\/","title":{"rendered":"Privacy Policy"},"content":{"rendered":"\n<h1 class=\"wp-block-heading\">Privacy Policy of LAC<\/h1>\n\n\n\n<p>This policy only covers the manner in which the LAC takes care of the personal information of faculty, staff and students who use the services of the LAC. Personal information is restricted to name, registration, course and subjects taken by students, to name of faculty and staff, and the personal files of each of the system users. Personal files are formed by the files present in the user&#8217;s home directory, the mailbox folders and email messages. No user is allowed to make the storage of inappropriate content in regard to the academic activities of the students and to the professional environment of faculty and staff.<\/p>\n\n\n\n<h2 class=\"wp-block-heading\" id=\"servidores\">COMPILATION AND USE OF INFORMATION<\/h2>\n\n\n\n<p>No personal information or personal files from any user are inspected by the LAC. The University reserves the right to block personal web pages that do not conform to the policy of content publishing of the University.<\/p>\n\n\n\n<h2 class=\"wp-block-heading\" id=\"servidores\">SHARING AND DISCLOUSER OF INFORMATION<\/h2>\n\n\n\n<p>The LAC does not rent, sell and does not share personal information and personal files with any person or company. The personal information or personal files personal published by the users on their personal pages of the website system of the LAC is the sole responsibility of the user and must conform to the policy of content publishing of the University.<\/p>\n\n\n\n<h2 class=\"wp-block-heading\" id=\"servidores\">CHANGES OF THIS PRIVACY POLICY<\/h2>\n\n\n\n<p>The LAC or the University may update this policy. <\/p>\n\n\n\n<h2 class=\"wp-block-heading\" id=\"servidores\">QUESTIONS AND SUGGESTIONS<\/h2>\n\n\n\n<p>Questions or suggestions should be directed solely from the mail system of the LAC to flavioss@aluno.puc-rio.br or by mailing to the following address:<\/p>\n\n\n\n<p>LAC \u2013 PUC-Rio Rua Marqu\u00eas de S\u00e3o Vicente, 225 G\u00e1vea \u2013 Rio de Janeiro \u2013 RJ \u2013 Brasil CEP 22451-900<\/p>\n\n\n\n<p>Last update: 06\/Oct\/2019.<br><\/p>\n\n\n\n<p><\/p>\n","protected":false},"excerpt":{"rendered":"<p>Privacy Policy of LAC This policy only covers the manner in which the LAC takes care of the personal information of faculty, staff and students who use the services of the LAC. Personal information is restricted to name, registration, course and subjects taken by students, to name of faculty and staff, and the personal files &hellip; <\/p>\n<p class=\"link-more\"><a href=\"https:\/\/www.lac.inf.puc-rio.br\/index.php\/privacy-policy\/\" class=\"more-link\">Continue lendo<span class=\"screen-reader-text\"> &#8220;Privacy Policy&#8221;<\/span><\/a><\/p>\n","protected":false},"author":1,"featured_media":0,"parent":0,"menu_order":0,"comment_status":"closed","ping_status":"closed","template":"","meta":{"footnotes":""},"_links":{"self":[{"href":"https:\/\/www.lac.inf.puc-rio.br\/index.php\/wp-json\/wp\/v2\/pages\/2657"}],"collection":[{"href":"https:\/\/www.lac.inf.puc-rio.br\/index.php\/wp-json\/wp\/v2\/pages"}],"about":[{"href":"https:\/\/www.lac.inf.puc-rio.br\/index.php\/wp-json\/wp\/v2\/types\/page"}],"author":[{"embeddable":true,"href":"https:\/\/www.lac.inf.puc-rio.br\/index.php\/wp-json\/wp\/v2\/users\/1"}],"replies":[{"embeddable":true,"href":"https:\/\/www.lac.inf.puc-rio.br\/index.php\/wp-json\/wp\/v2\/comments?post=2657"}],"version-history":[{"count":1,"href":"https:\/\/www.lac.inf.puc-rio.br\/index.php\/wp-json\/wp\/v2\/pages\/2657\/revisions"}],"predecessor-version":[{"id":2658,"href":"https:\/\/www.lac.inf.puc-rio.br\/index.php\/wp-json\/wp\/v2\/pages\/2657\/revisions\/2658"}],"wp:attachment":[{"href":"https:\/\/www.lac.inf.puc-rio.br\/index.php\/wp-json\/wp\/v2\/media?parent=2657"}],"curies":[{"name":"wp","href":"https:\/\/api.w.org\/{rel}","templated":true}]}}